{"id":941,"date":"2016-05-25T09:02:23","date_gmt":"2016-05-25T09:02:23","guid":{"rendered":"https:\/\/la-ale.com\/revistalaleche\/?page_id=941"},"modified":"2023-03-14T11:05:04","modified_gmt":"2023-03-14T09:05:04","slug":"manifiesto","status":"publish","type":"page","link":"https:\/\/la-ale.com\/revistalaleche\/manifiesto\/","title":{"rendered":"\u00bfPor qu\u00e9 una revista de periodismo cultural para ni\u00f1os?"},"content":{"rendered":"\t\t<div data-elementor-type=\"wp-page\" data-elementor-id=\"941\" class=\"elementor elementor-941\">\n\t\t\t\t\t\t<section class=\"elementor-section elementor-top-section elementor-element elementor-element-7577a74a elementor-section-boxed elementor-section-height-default elementor-section-height-default\" data-id=\"7577a74a\" data-element_type=\"section\" data-e-type=\"section\">\n\t\t\t\t\t\t<div class=\"elementor-container elementor-column-gap-default\">\n\t\t\t\t\t<div class=\"elementor-column elementor-col-100 elementor-top-column elementor-element elementor-element-391ab3f8\" data-id=\"391ab3f8\" data-element_type=\"column\" data-e-type=\"column\">\n\t\t\t<div class=\"elementor-widget-wrap elementor-element-populated\">\n\t\t\t\t\t\t<div class=\"elementor-element elementor-element-2528e259 elementor-widget elementor-widget-text-editor\" data-id=\"2528e259\" data-element_type=\"widget\" data-e-type=\"widget\" data-widget_type=\"text-editor.default\">\n\t\t\t\t<div class=\"elementor-widget-container\">\n\t\t\t\t\t\t\t\t\t<h3><span style=\"color: #badc01;\">Esta revista no tiene por qu\u00e9 interesarte\u2026<\/span><\/h3><p>Nadie tiene derecho a decirte qu\u00e9 tiene que interesarte. A menudo los adultos manipulamos a los ni\u00f1os. Cambiamos nuestro tono habitual de voz, asumimos una falsa camarader\u00eda y empleamos expresiones como:<em> \u201cQue chuli\u201d, \u201cEsto es guay\u201d<\/em> o <em>\u201cMira c\u00f3mo mola\u201d<\/em> para tratar de despertar un entusiasmo donde, francamente, no lo hay ni lo puede haber.<\/p><p>Desde las espinacas a la lectura obligatoria, desde qu\u00e9 ropa queremos que te pongas a la exigencia de que nos acompa\u00f1es a un fastidios\u00edsimo recado, desde visitar un museo a\u2026 son muchas las ocasiones en las que nosotros, los adultos, nos valemos de ese tono enrollado para imponer nuestra voluntad sin que, por supuesto, parezca que lo hacemos.<\/p><h3><span style=\"color: #badc01;\">Sin embargo, queremos ser honestos y claros<\/span><\/h3><p>No sabemos si lo que publicamos en <em>\u00a1La leche!<\/em> te va a interesar. Y eso por varias razones. En primer lugar, porque b\u00e1sicamente tratamos temas poco habituales, raros, inusuales. <strong>Lo hacemos as\u00ed porque son estos asuntos los que nos apasionan.<\/strong> Estamos cansados de leer siempre lo mismo, de escuchar decir las mismas cosas. Constatamos a diario que, a pesar de que <strong>hay tantas cosas fascinantes por conocer<\/strong>, parece que la escuela y sus libros solo se preocupan por un pu\u00f1ado de temas aburrid\u00edsimos. Es m\u00e1s, llegan incluso a hacernos bostezar con algo que en principio nos deber\u00eda entusiasmar. No estamos de acuerdo con ello.<\/p><p>En segundo lugar, nos hemos tomado muy en serio el <strong>abordar temas que a muchos adultos les resulta inc\u00f3modo tratar con los ni\u00f1os<\/strong>. No es f\u00e1cil, por ejemplo, hablar sobre la muerte, el sexo, la religi\u00f3n, los problemas pol\u00edticos, econ\u00f3micos o sociales&#8230; En parte, porque no todos pensamos igual y muchas veces son asuntos que provocan discusiones apasionadas y desencuentros. En parte, porque es posible que, aunque cueste creerlo, los adultos no estamos tan seguros de nuestras opiniones como parecer\u00eda que lo estamos y cuando reflexionamos detenidamente descubrimos que tenemos m\u00e1s dudas que respuestas. Muchos adultos se sienten inseguros por ello y, como es normal, a muchos ni\u00f1os tambi\u00e9n les resulta dif\u00edcil abordar asuntos que incomodan a sus padres y maestros, plantear libremente sus preguntas y desarrollar sus propios puntos de vista. Entendemos que quiz\u00e1s no sea f\u00e1cil hacerlo, pero <strong>estamos convencidos de que con un lenguaje claro, siendo sinceros y vali\u00e9ndonos de una pizca de humor, podemos hablar con los ni\u00f1os de cualquier realidad por compleja y dif\u00edcil que sea<\/strong>.<\/p><p>Hay un tercer motivo por el cual pensamos que <em>\u00a1La leche!<\/em> puede ser de tu inter\u00e9s y tiene que ver con el hecho de que antes que nada te respetamos. Cargado de buenas intenciones, de ense\u00f1anzas importantes o de camuflados prop\u00f3sitos comerciales, muchos adultos se dirigen a los ni\u00f1os vali\u00e9ndose de un tono simpatic\u00f3n que a duras penas logra ocultar su escaso inter\u00e9s por el mundo infantil. Buscan aleccionar, preparar o vender antes que establecer un sincero espacio de comunicaci\u00f3n. Creen que tienen el derecho de imponerte sus intereses y para ello se valen de los medios que tengan a su alcance. Ten la seguridad de que aqu\u00ed nunca te llamaremos <em>amiguito<\/em>, no perseguimos fines educativos ni lucrativos y siempre que nos dirijamos a ti emplearemos un lenguaje franco, claro y directo.<\/p><p>Habr\u00e1 adultos que se empecinen en decir que <em>\u00a1<\/em><em>La leche!<\/em> no es una <strong>revista para ni\u00f1os<\/strong>. Seguramente porque no nos ajustamos a la idea que ellos se han hecho de la infancia, ni al tono chill\u00f3n que emplean para hablar con vosotros, ni a su necesidad de dirigir y controlar lo que sus hijos o alumnos deben pensar, hacer e imaginar.<\/p><p>En nuestras p\u00e1ginas no encontrar\u00e1s im\u00e1genes \u00f1o\u00f1as, historias con moralejas ni objetivos did\u00e1cticos. <strong>Hablamos de lo que nos apasiona y buscamos transmitirlo de la forma m\u00e1s atractiva, nos esforzamos especialmente en conseguir que nuestros art\u00edculos sean f\u00e1ciles de leer y alimenten las ganas de saber m\u00e1s<\/strong>, creemos que el dise\u00f1o y las ilustraciones de la revista aportan tanto como sus textos y disfrutamos mucho concibi\u00e9ndolas, cre\u00e1ndolas y contempl\u00e1ndolas. Estamos convencidos, en definitiva, de que los ni\u00f1os son inteligentes y nos dirigimos a vosotros empleando un lenguaje respetuoso tanto con vuestra inteligencia como con la nuestra.<\/p>\t\t\t\t\t\t\t\t<\/div>\n\t\t\t\t<\/div>\n\t\t\t\t\t<\/div>\n\t\t<\/div>\n\t\t\t\t\t<\/div>\n\t\t<\/section>\n\t\t\t\t<\/div>\n\t\t","protected":false},"excerpt":{"rendered":"<p>Esta revista no tiene por qu\u00e9 interesarte\u2026 Nadie tiene derecho a decirte qu\u00e9 tiene que interesarte. A menudo los adultos [&hellip;]<\/p>\n","protected":false},"author":2,"featured_media":0,"parent":0,"menu_order":0,"comment_status":"closed","ping_status":"closed","template":"","meta":{"footnotes":""},"class_list":["post-941","page","type-page","status-publish","hentry"],"aioseo_notices":[],"_links":{"self":[{"href":"https:\/\/la-ale.com\/revistalaleche\/wp-json\/wp\/v2\/pages\/941","targetHints":{"allow":["GET"]}}],"collection":[{"href":"https:\/\/la-ale.com\/revistalaleche\/wp-json\/wp\/v2\/pages"}],"about":[{"href":"https:\/\/la-ale.com\/revistalaleche\/wp-json\/wp\/v2\/types\/page"}],"author":[{"embeddable":true,"href":"https:\/\/la-ale.com\/revistalaleche\/wp-json\/wp\/v2\/users\/2"}],"replies":[{"embeddable":true,"href":"https:\/\/la-ale.com\/revistalaleche\/wp-json\/wp\/v2\/comments?post=941"}],"version-history":[{"count":50,"href":"https:\/\/la-ale.com\/revistalaleche\/wp-json\/wp\/v2\/pages\/941\/revisions"}],"predecessor-version":[{"id":4291,"href":"https:\/\/la-ale.com\/revistalaleche\/wp-json\/wp\/v2\/pages\/941\/revisions\/4291"}],"wp:attachment":[{"href":"https:\/\/la-ale.com\/revistalaleche\/wp-json\/wp\/v2\/media?parent=941"}],"curies":[{"name":"wp","href":"https:\/\/api.w.org\/{rel}","templated":true}]}}