{"id":157,"date":"2016-04-22T08:34:28","date_gmt":"2016-04-22T08:34:28","guid":{"rendered":"https:\/\/la-ale.com\/revistalaleche\/?page_id=157"},"modified":"2023-03-14T11:02:04","modified_gmt":"2023-03-14T09:02:04","slug":"somos-la-leche","status":"publish","type":"page","link":"https:\/\/la-ale.com\/revistalaleche\/somos-la-leche\/","title":{"rendered":"Somos \u00a1La leche!"},"content":{"rendered":"\t\t<div data-elementor-type=\"wp-page\" data-elementor-id=\"157\" class=\"elementor elementor-157\">\n\t\t\t\t\t\t<section class=\"elementor-section elementor-top-section elementor-element elementor-element-729f7c5 elementor-section-boxed elementor-section-height-default elementor-section-height-default\" data-id=\"729f7c5\" data-element_type=\"section\" data-e-type=\"section\">\n\t\t\t\t\t\t<div class=\"elementor-container elementor-column-gap-default\">\n\t\t\t\t\t<div class=\"elementor-column elementor-col-100 elementor-top-column elementor-element elementor-element-7ebe048\" data-id=\"7ebe048\" data-element_type=\"column\" data-e-type=\"column\">\n\t\t\t<div class=\"elementor-widget-wrap elementor-element-populated\">\n\t\t\t\t\t\t<div class=\"elementor-element elementor-element-98eeb23 elementor-widget elementor-widget-text-editor\" data-id=\"98eeb23\" data-element_type=\"widget\" data-e-type=\"widget\" data-widget_type=\"text-editor.default\">\n\t\t\t\t<div class=\"elementor-widget-container\">\n\t\t\t\t\t\t\t\t\t<p>Ilustraciones de perfiles realizadas por <a href=\"http:\/\/www.mariapascualdelatorre.com\/\" target=\"_blank\" rel=\"noopener noreferrer\">Mar\u00eda Pascual de la Torre.<\/a> <br \/>Como directora de arte en los primeros dos n\u00fameros de Revista \u00a1Laleche!, fue una parte fundamental en los primeros pasos de la revista.<\/p>\t\t\t\t\t\t\t\t<\/div>\n\t\t\t\t<\/div>\n\t\t\t\t\t<\/div>\n\t\t<\/div>\n\t\t\t\t\t<\/div>\n\t\t<\/section>\n\t\t\t\t<section class=\"elementor-section elementor-top-section elementor-element elementor-element-7f17ef3 elementor-section-boxed elementor-section-height-default elementor-section-height-default\" data-id=\"7f17ef3\" data-element_type=\"section\" data-e-type=\"section\">\n\t\t\t\t\t\t<div class=\"elementor-container elementor-column-gap-wide\">\n\t\t\t\t\t<div class=\"elementor-column elementor-col-33 elementor-top-column elementor-element elementor-element-c931b49\" data-id=\"c931b49\" data-element_type=\"column\" data-e-type=\"column\">\n\t\t\t<div class=\"elementor-widget-wrap elementor-element-populated\">\n\t\t\t\t\t\t<div class=\"elementor-element elementor-element-d2cd461 elementor-widget elementor-widget-image\" data-id=\"d2cd461\" data-element_type=\"widget\" data-e-type=\"widget\" data-widget_type=\"image.default\">\n\t\t\t\t<div class=\"elementor-widget-container\">\n\t\t\t\t\t\t\t\t\t\t\t\t\t\t\t<img decoding=\"async\" src=\"https:\/\/la-ale.com\/revistalaleche\/wp-content\/uploads\/ines.jpg\" title=\"\" alt=\"\" loading=\"lazy\" \/>\t\t\t\t\t\t\t\t\t\t\t\t\t\t\t<\/div>\n\t\t\t\t<\/div>\n\t\t\t\t<div class=\"elementor-element elementor-element-5636cd0 elementor-widget elementor-widget-heading\" data-id=\"5636cd0\" data-element_type=\"widget\" data-e-type=\"widget\" data-widget_type=\"heading.default\">\n\t\t\t\t<div class=\"elementor-widget-container\">\n\t\t\t\t\t<h3 class=\"elementor-heading-title elementor-size-default\">In\u00e9s Puig V\u00e1zquez<\/h3>\t\t\t\t<\/div>\n\t\t\t\t<\/div>\n\t\t\t\t<div class=\"elementor-element elementor-element-06e883d elementor-widget elementor-widget-spacer\" data-id=\"06e883d\" data-element_type=\"widget\" data-e-type=\"widget\" data-widget_type=\"spacer.default\">\n\t\t\t\t<div class=\"elementor-widget-container\">\n\t\t\t\t\t\t\t<div class=\"elementor-spacer\">\n\t\t\t<div class=\"elementor-spacer-inner\"><\/div>\n\t\t<\/div>\n\t\t\t\t\t\t<\/div>\n\t\t\t\t<\/div>\n\t\t\t\t<div class=\"elementor-element elementor-element-7a848fb elementor-widget elementor-widget-spacer\" data-id=\"7a848fb\" data-element_type=\"widget\" data-e-type=\"widget\" data-widget_type=\"spacer.default\">\n\t\t\t\t<div class=\"elementor-widget-container\">\n\t\t\t\t\t\t\t<div class=\"elementor-spacer\">\n\t\t\t<div class=\"elementor-spacer-inner\"><\/div>\n\t\t<\/div>\n\t\t\t\t\t\t<\/div>\n\t\t\t\t<\/div>\n\t\t\t\t<div class=\"elementor-element elementor-element-5c62ac4 elementor-widget elementor-widget-spacer\" data-id=\"5c62ac4\" data-element_type=\"widget\" data-e-type=\"widget\" data-widget_type=\"spacer.default\">\n\t\t\t\t<div class=\"elementor-widget-container\">\n\t\t\t\t\t\t\t<div class=\"elementor-spacer\">\n\t\t\t<div class=\"elementor-spacer-inner\"><\/div>\n\t\t<\/div>\n\t\t\t\t\t\t<\/div>\n\t\t\t\t<\/div>\n\t\t\t\t<div class=\"elementor-element elementor-element-345753b elementor-widget elementor-widget-heading\" data-id=\"345753b\" data-element_type=\"widget\" data-e-type=\"widget\" data-widget_type=\"heading.default\">\n\t\t\t\t<div class=\"elementor-widget-container\">\n\t\t\t\t\t<h2 class=\"elementor-heading-title elementor-size-default\">Jefa de Redacci\u00f3n<\/h2>\t\t\t\t<\/div>\n\t\t\t\t<\/div>\n\t\t\t\t<div class=\"elementor-element elementor-element-a8339dc elementor-widget elementor-widget-text-editor\" data-id=\"a8339dc\" data-element_type=\"widget\" data-e-type=\"widget\" data-widget_type=\"text-editor.default\">\n\t\t\t\t<div class=\"elementor-widget-container\">\n\t\t\t\t\t\t\t\t\t<p>Un d\u00eda dijo hag\u00e1mosla y all\u00ed comenz\u00f3 <em><strong>\u00a1La leche!<\/strong><\/em>. Antes de eso, tom\u00f3 una decisi\u00f3n similar y junto a un par de socios cre\u00f3 <strong><em>Leoteca<\/em><\/strong>, una red social para que ni\u00f1os y adultos compartan sus lecturas. In\u00e9s trae consigo la curiosidad, gran capacidad de trabajo y el saber preguntar e investigar. Su experiencia como maestra de primaria le permiti\u00f3 desarrollar el don de hablar con franqueza y confianza a los ni\u00f1os, la humildad de asumir su ignorancia cuando no sabe algo para, a continuaci\u00f3n, redimirla con el estudio. Tambi\u00e9n, el ser capaz de contagiar su pasi\u00f3n por el conocimiento a trav\u00e9s de una escritura atractiva y cercana. Como jefa de redacci\u00f3n tiene la autoridad sobre c\u00f3mo se cuentan las cosas, por hacer que resulte claro lo que se presta a confusi\u00f3n y para hacer cuanto pueda para que se cuelen el menor n\u00famero de erratas posibles en las p\u00e1ginas.<\/p>\t\t\t\t\t\t\t\t<\/div>\n\t\t\t\t<\/div>\n\t\t\t\t\t<\/div>\n\t\t<\/div>\n\t\t\t\t<div class=\"elementor-column elementor-col-33 elementor-top-column elementor-element elementor-element-2540281\" data-id=\"2540281\" data-element_type=\"column\" data-e-type=\"column\">\n\t\t\t<div class=\"elementor-widget-wrap elementor-element-populated\">\n\t\t\t\t\t\t<div class=\"elementor-element elementor-element-96cec42 elementor-widget elementor-widget-image\" data-id=\"96cec42\" data-element_type=\"widget\" data-e-type=\"widget\" data-widget_type=\"image.default\">\n\t\t\t\t<div class=\"elementor-widget-container\">\n\t\t\t\t\t\t\t\t\t\t\t\t\t\t\t<img decoding=\"async\" src=\"https:\/\/la-ale.com\/revistalaleche\/wp-content\/uploads\/juliana.jpg\" title=\"\" alt=\"\" loading=\"lazy\" \/>\t\t\t\t\t\t\t\t\t\t\t\t\t\t\t<\/div>\n\t\t\t\t<\/div>\n\t\t\t\t<div class=\"elementor-element elementor-element-82a0f6c elementor-widget elementor-widget-heading\" data-id=\"82a0f6c\" data-element_type=\"widget\" data-e-type=\"widget\" data-widget_type=\"heading.default\">\n\t\t\t\t<div class=\"elementor-widget-container\">\n\t\t\t\t\t<h3 class=\"elementor-heading-title elementor-size-default\">Juliana Salcedo Barrero<\/h3>\t\t\t\t<\/div>\n\t\t\t\t<\/div>\n\t\t\t\t<div class=\"elementor-element elementor-element-8df3e14 elementor-widget elementor-widget-spacer\" data-id=\"8df3e14\" data-element_type=\"widget\" data-e-type=\"widget\" data-widget_type=\"spacer.default\">\n\t\t\t\t<div class=\"elementor-widget-container\">\n\t\t\t\t\t\t\t<div class=\"elementor-spacer\">\n\t\t\t<div class=\"elementor-spacer-inner\"><\/div>\n\t\t<\/div>\n\t\t\t\t\t\t<\/div>\n\t\t\t\t<\/div>\n\t\t\t\t<div class=\"elementor-element elementor-element-d3cb344 elementor-widget elementor-widget-heading\" data-id=\"d3cb344\" data-element_type=\"widget\" data-e-type=\"widget\" data-widget_type=\"heading.default\">\n\t\t\t\t<div class=\"elementor-widget-container\">\n\t\t\t\t\t<h2 class=\"elementor-heading-title elementor-size-default\"><a href=\"https:\/\/jusabar.tumblr.com\">Directora de producci\u00f3n<\/a><\/h2>\t\t\t\t<\/div>\n\t\t\t\t<\/div>\n\t\t\t\t<div class=\"elementor-element elementor-element-b473f72 elementor-widget elementor-widget-text-editor\" data-id=\"b473f72\" data-element_type=\"widget\" data-e-type=\"widget\" data-widget_type=\"text-editor.default\">\n\t\t\t\t<div class=\"elementor-widget-container\">\n\t\t\t\t\t\t\t\t\t<p>Lleg\u00f3 a <em><strong>\u00a1La leche!<\/strong><\/em> estren\u00e1ndose como madre, obsesionada por un tema tan poco com\u00fan como son los hidrantes (esos que usan los bomberos para apagar los incendios), aparcando su vocaci\u00f3n de dise\u00f1ar casas y huyendo de alumnos no muy motivados a los que deb\u00eda ense\u00f1ar ingl\u00e9s. Trajo consigo su pasi\u00f3n por las formas; su capacidad de sintetizar al m\u00e1ximo para crear im\u00e1genes cautivadoras; su amor por las tipograf\u00edas, papeles, pliegos, encuadernados e imprentas; el legado de un padre sabio y una curiosidad que lo mismo la lleva a aprender a tallar madera que a dise\u00f1ar juegos de naipes. Como jefa de producci\u00f3n, Juliana vela porque los art\u00edculos, ya escritos e ilustrados, pasen del mejor modo posible del espacio virtual del ordenador a su realizaci\u00f3n material en papel.<\/p>\t\t\t\t\t\t\t\t<\/div>\n\t\t\t\t<\/div>\n\t\t\t\t\t<\/div>\n\t\t<\/div>\n\t\t\t\t<div class=\"elementor-column elementor-col-33 elementor-top-column elementor-element elementor-element-20d3bbf\" data-id=\"20d3bbf\" data-element_type=\"column\" data-e-type=\"column\">\n\t\t\t<div class=\"elementor-widget-wrap elementor-element-populated\">\n\t\t\t\t\t\t<div class=\"elementor-element elementor-element-c087312 elementor-widget elementor-widget-image\" data-id=\"c087312\" data-element_type=\"widget\" data-e-type=\"widget\" data-widget_type=\"image.default\">\n\t\t\t\t<div class=\"elementor-widget-container\">\n\t\t\t\t\t\t\t\t\t\t\t\t\t\t\t<img decoding=\"async\" src=\"https:\/\/la-ale.com\/revistalaleche\/wp-content\/uploads\/alex.jpg\" title=\"\" alt=\"\" loading=\"lazy\" \/>\t\t\t\t\t\t\t\t\t\t\t\t\t\t\t<\/div>\n\t\t\t\t<\/div>\n\t\t\t\t<div class=\"elementor-element elementor-element-a94804a elementor-widget elementor-widget-heading\" data-id=\"a94804a\" data-element_type=\"widget\" data-e-type=\"widget\" data-widget_type=\"heading.default\">\n\t\t\t\t<div class=\"elementor-widget-container\">\n\t\t\t\t\t<h3 class=\"elementor-heading-title elementor-size-default\">Alejandra Fern\u00e1ndez Mingorance<\/h3>\t\t\t\t<\/div>\n\t\t\t\t<\/div>\n\t\t\t\t<div class=\"elementor-element elementor-element-0ac2ccd elementor-widget elementor-widget-spacer\" data-id=\"0ac2ccd\" data-element_type=\"widget\" data-e-type=\"widget\" data-widget_type=\"spacer.default\">\n\t\t\t\t<div class=\"elementor-widget-container\">\n\t\t\t\t\t\t\t<div class=\"elementor-spacer\">\n\t\t\t<div class=\"elementor-spacer-inner\"><\/div>\n\t\t<\/div>\n\t\t\t\t\t\t<\/div>\n\t\t\t\t<\/div>\n\t\t\t\t<div class=\"elementor-element elementor-element-79eed14 elementor-widget elementor-widget-heading\" data-id=\"79eed14\" data-element_type=\"widget\" data-e-type=\"widget\" data-widget_type=\"heading.default\">\n\t\t\t\t<div class=\"elementor-widget-container\">\n\t\t\t\t\t<h2 class=\"elementor-heading-title elementor-size-default\"><a href=\"https:\/\/la-ale.com\">Directora de contenidos<\/a><\/h2>\t\t\t\t<\/div>\n\t\t\t\t<\/div>\n\t\t\t\t<div class=\"elementor-element elementor-element-6ec8c83 elementor-widget elementor-widget-text-editor\" data-id=\"6ec8c83\" data-element_type=\"widget\" data-e-type=\"widget\" data-widget_type=\"text-editor.default\">\n\t\t\t\t<div class=\"elementor-widget-container\">\n\t\t\t\t\t\t\t\t\t<p>Alejandra no logra ocultar su entusiasmo cuando un proyecto le cautiva y ante <em><strong>\u00a1La leche!<\/strong><\/em> ha vivido una experiencia pr\u00f3xima al frenes\u00ed. Anteriormente hab\u00eda experimentado un sentimiento semejante cuando pos\u00f3 sus manos en el barro para hacer de un cuento popular ruso un hermoso \u00e1rbol de la vida mexicano. Y es que en su trabajo las fronteras que se establecen entre las artes desaparecen. Tampoco le teme a las ideas desmesuradas. Al contrario, con ritmo constante, a escondidas y con el cuidado de un artesano acomete las empresas m\u00e1s ambiciosas alcanzando resultados que sorprenden incluso a quienes ya la conocen. Como directora de contenidos on-line hace que la revista se expanda mucho m\u00e1s all\u00e1 del papel, cobre nuevos sentidos y genere nuevas posibilidades y, una vez m\u00e1s, se diluyan las fronteras que se empecinan en separar las artes.<\/p>\t\t\t\t\t\t\t\t<\/div>\n\t\t\t\t<\/div>\n\t\t\t\t\t<\/div>\n\t\t<\/div>\n\t\t\t\t\t<\/div>\n\t\t<\/section>\n\t\t\t\t<section class=\"elementor-section elementor-top-section elementor-element elementor-element-1ea56426 elementor-section-boxed elementor-section-height-default elementor-section-height-default\" data-id=\"1ea56426\" data-element_type=\"section\" data-e-type=\"section\">\n\t\t\t\t\t\t<div class=\"elementor-container elementor-column-gap-default\">\n\t\t\t\t\t<div class=\"elementor-column elementor-col-100 elementor-top-column elementor-element elementor-element-1b419f48\" data-id=\"1b419f48\" data-element_type=\"column\" data-e-type=\"column\">\n\t\t\t<div class=\"elementor-widget-wrap elementor-element-populated\">\n\t\t\t\t\t\t<div class=\"elementor-element elementor-element-e280d6f elementor-widget elementor-widget-heading\" data-id=\"e280d6f\" data-element_type=\"widget\" data-e-type=\"widget\" data-widget_type=\"heading.default\">\n\t\t\t\t<div class=\"elementor-widget-container\">\n\t\t\t\t\t<h3 class=\"elementor-heading-title elementor-size-default\">Gustavo Puerta Leisse\n<\/h3>\t\t\t\t<\/div>\n\t\t\t\t<\/div>\n\t\t\t\t<div class=\"elementor-element elementor-element-a1cc85e elementor-widget elementor-widget-heading\" data-id=\"a1cc85e\" data-element_type=\"widget\" data-e-type=\"widget\" data-widget_type=\"heading.default\">\n\t\t\t\t<div class=\"elementor-widget-container\">\n\t\t\t\t\t<h2 class=\"elementor-heading-title elementor-size-default\">Editor<\/h2>\t\t\t\t<\/div>\n\t\t\t\t<\/div>\n\t\t\t\t<div class=\"elementor-element elementor-element-a770155 elementor-widget elementor-widget-text-editor\" data-id=\"a770155\" data-element_type=\"widget\" data-e-type=\"widget\" data-widget_type=\"text-editor.default\">\n\t\t\t\t<div class=\"elementor-widget-container\">\n\t\t\t\t\t\t\t\t\t<p>En el mismo momento en el que Gustavo escuch\u00f3 sobre un proyecto de revista para ni\u00f1os quiso formar parte de \u00e9l. No obstante, no hab\u00eda duda, a lo largo de su carrera en la literatura infantil como cr\u00edtico, ha conseguido saber c\u00f3mo dar continuos giros a las cosas. Como editor se ha encargado de escribir las primeras l\u00edneas con las que introducir los contenidos y temas sobre los que nuestra revista ha hablado estos cuatro a\u00f1os.<\/p>\t\t\t\t\t\t\t\t<\/div>\n\t\t\t\t<\/div>\n\t\t\t\t\t<\/div>\n\t\t<\/div>\n\t\t\t\t\t<\/div>\n\t\t<\/section>\n\t\t\t\t<\/div>\n\t\t","protected":false},"excerpt":{"rendered":"<p>Ilustraciones de perfiles realizadas por Mar\u00eda Pascual de la Torre. Como directora de arte en los primeros dos n\u00fameros de [&hellip;]<\/p>\n","protected":false},"author":2,"featured_media":0,"parent":0,"menu_order":0,"comment_status":"closed","ping_status":"closed","template":"","meta":{"footnotes":""},"class_list":["post-157","page","type-page","status-publish","hentry"],"aioseo_notices":[],"_links":{"self":[{"href":"https:\/\/la-ale.com\/revistalaleche\/wp-json\/wp\/v2\/pages\/157","targetHints":{"allow":["GET"]}}],"collection":[{"href":"https:\/\/la-ale.com\/revistalaleche\/wp-json\/wp\/v2\/pages"}],"about":[{"href":"https:\/\/la-ale.com\/revistalaleche\/wp-json\/wp\/v2\/types\/page"}],"author":[{"embeddable":true,"href":"https:\/\/la-ale.com\/revistalaleche\/wp-json\/wp\/v2\/users\/2"}],"replies":[{"embeddable":true,"href":"https:\/\/la-ale.com\/revistalaleche\/wp-json\/wp\/v2\/comments?post=157"}],"version-history":[{"count":224,"href":"https:\/\/la-ale.com\/revistalaleche\/wp-json\/wp\/v2\/pages\/157\/revisions"}],"predecessor-version":[{"id":4288,"href":"https:\/\/la-ale.com\/revistalaleche\/wp-json\/wp\/v2\/pages\/157\/revisions\/4288"}],"wp:attachment":[{"href":"https:\/\/la-ale.com\/revistalaleche\/wp-json\/wp\/v2\/media?parent=157"}],"curies":[{"name":"wp","href":"https:\/\/api.w.org\/{rel}","templated":true}]}}