{"id":1128,"date":"2016-05-31T17:53:03","date_gmt":"2016-05-31T17:53:03","guid":{"rendered":"https:\/\/la-ale.com\/revistalaleche\/?page_id=1128"},"modified":"2018-07-19T11:25:52","modified_gmt":"2018-07-19T11:25:52","slug":"cookies","status":"publish","type":"page","link":"https:\/\/la-ale.com\/revistalaleche\/cookies\/","title":{"rendered":"Cookies"},"content":{"rendered":"<div id=\"content_wrapper\">\n<div class=\"\">\n<div class=\"terms_container\">\n<div class=\"text_container\">\n<h2>Pol\u00edtica de Cookies<\/h2>\n<p style=\"text-align: left;\">Una cookie es un fichero que se descarga en su dispositivo inform\u00e1tico al acceder a determinadas p\u00e1ginas Web. Las cookies permiten a una p\u00e1gina web, entre otras cosas, almacenar y recuperar informaci\u00f3n sobre los h\u00e1bitos de navegaci\u00f3n de un Usuario o de su equipo y, dependiendo de la informaci\u00f3n que contengan y de la forma en que se utilice su equipo, pueden servir para reconocerlo.<\/p>\n<p style=\"text-align: left;\">No obstante, estos medios solo obtienen informaci\u00f3n relacionada con el n\u00famero de p\u00e1ginas visitas, la ciudad a la que est\u00e1 asignada la direcci\u00f3n IP desde la que se accede, el n\u00famero de nuevos Usuarios, la frecuencia y reincidencia de las visitas, el tiempo de visita, el navegador o el operador o tipo de terminal desde el que se realiza la visita. En ning\u00fan caso se obtienen datos sobre el nombre, apellidos o direcci\u00f3n postal desde la que el Usuario se ha conectado.<\/p>\n<p style=\"text-align: left;\">Las cookies utilizadas en esta p\u00e1gina Web y la concreta finalidad de cada una de ellas son las siguientes:<\/p>\n<p><strong>\u2022Cookies propias<\/strong><\/p>\n<p>Son enviadas a tu ordenador y gestionadas exclusivamente por nosotros para el mejor funcionamiento de la Plataforma. Estas cookies permanecen en tu navegador, permiti\u00e9ndonos identificarte como usuario recurrente de la Plataforma, controlar la sesi\u00f3n de usuario, recordar la configuraci\u00f3n de las cookies, reconocerte como usuario en caso de realizar tr\u00e1mites de identificaci\u00f3n y personalizar tu contenido para ofrecerte contenidos adecuados a tus preferencias (cookies de personalizaci\u00f3n).<\/p>\n<p>\u2022<strong>Cookies T\u00e9cnicas<\/strong>: Te permiten navegar a trav\u00e9s de la Plataforma y utilizar los servicios en ella disponibles como, por ejemplo, controlar la comunicaci\u00f3n de datos, realizar una compra, almacenar contenidos, personalizar el idioma y la moneda, los tests de comprobaci\u00f3n de formato, compartir contenidos a trav\u00e9s de redes sociales de acuerdo con los intereses del usuario, acelerar la carga de la p\u00e1gina, etc. tales como Custora, Olark, Facebook, CloudFlare, Visual Website y Optimizer.<\/p>\n<p>\u2022<strong>Cookies <\/strong><strong>Anal\u00edticas<\/strong>: Las cookies anal\u00edticas tienen por finalidad cuantificar el n\u00famero de visitantes y analizar y elaborar de manera estad\u00edstica perfiles de navegaci\u00f3n para poder conocer las preferencias de los usuarios con el fin de introducir mejoras en funci\u00f3n del an\u00e1lisis de los datos de uso que hacen los usuarios del servicio. La aplicaci\u00f3n que utilizamos para ello es Google Analitycs, que pertenece a Google. Adem\u00e1s, Google puede utilizar los datos obtenidos para mejorar sus propios servicios y para ofrecer servicios a otras empresas. Puede hacer clic en el siguiente link para obtener m\u00e1s informaci\u00f3n: <a class=\"normA\" href=\"https:\/\/developers.google.com\/analytics\/devguides\/collection\/analyticsjs\/cookie-usage\" target=\"_blank\" rel=\"noopener\">https:\/\/developers.google.com\/analytics\/devguides\/collection\/analyticsjs\/cookie-usage<\/a><\/p>\n<p>\u2022 <strong>Twitter:<\/strong> Utilizamos cookies de Twitter para permitir que los usuarios puedan compartir informaci\u00f3n a trav\u00e9s de Twitter. Puede hacer clic en el siguiente link para obtener m\u00e1s informaci\u00f3n: https:\/\/support.twitter.com\/articles\/20170521#<\/p>\n<p>\u2022 <b>Facebook<\/b>: Utilizamos cookies de Facebook para permitir que los usuarios puedan compartir informaci\u00f3n a trav\u00e9s de Facebook. Puede hacer clic en el siguiente link para obtener m\u00e1s informaci\u00f3n: https:\/\/es-es.facebook.com\/help\/cookies\/.<\/p>\n<p>Adem\u00e1s, te informamos de que podemos utilizar cookies con la finalidad de:<\/p>\n<ul>\n<li>identificar problemas para mejorar nuestra <em>Plataforma<\/em><\/li>\n<li>facilitar tu navegaci\u00f3n en nuestra <em>Plataforma<\/em><\/li>\n<li>proporcionarte una mejor experiencia en el uso de la misma<\/li>\n<li>distinguirte de otros usuarios<\/li>\n<\/ul>\n<h2>Consentimiento<\/h2>\n<p>Al navegar y continuar en nuestra Plataforma estar\u00e1s consintiendo el uso de las cookies antes enunciadas, en las condiciones contenidas en la presente Pol\u00edtica de Cookies.<\/p>\n<p>Te informamos de que dado que las cookies no son necesarias para el uso de nuestra Plataforma, puedes bloquearlas o deshabilitarlas a trav\u00e9s de la configuraci\u00f3n de tu navegador. Si las bloqueas o deshabilitas podr\u00e1s seguir usando nuestra Plataforma, aunque el uso de algunos de sus servicios podr\u00e1 ser limitado y por tanto tu experiencia en nuestra Plataforma menos satisfactoria.<\/p>\n<p>Si deseas revocar tu consentimiento informado respecto a nuestra pol\u00edtica de cookies, deber\u00e1s eliminarlas en tu dispositivo a trav\u00e9s de la configuraci\u00f3n de tus navegadores de Internet. Estos son los enlaces de los distintos navegadores que informan sobre las cookies:<\/p>\n<p>Firefox: <a href=\"https:\/\/www.mozilla.org\/es-ES\/privacy\/websites\/\" target=\"blank\">https:\/\/www.mozilla.org\/es-ES\/privacy\/websites\/<\/a><\/p>\n<p>Chrome: <a href=\"https:\/\/support.google.com\/chrome\/bin\/answer.py?hl=es&amp;answer=95647\" target=\"blank\">https:\/\/support.google.com\/chrome\/bin\/answer.py?hl=es&amp;answer=95647<\/a><\/p>\n<p>Explorer: <a href=\"https:\/\/windows.microsoft.com\/es-es\/windows7\/how-to-manage-cookies-in-internet-explorer-9\" target=\"blank\">https:\/\/windows.microsoft.com\/es-es\/windows7\/how-to-manage-cookies-in-internet-explorer-9<\/a><\/p>\n<p>Safari: <a href=\"https:\/\/support.apple.com\/kb\/ph5042\" target=\"blank\">http:\/\/support.apple.com\/kb\/ph5042<\/a><\/p>\n<p>Opera: <a href=\"https:\/\/help.opera.com\/Windows\/11.50\/es-ES\/cookies.html\" target=\"blank\">https:\/\/help.opera.com\/Windows\/11.50\/es-ES\/cookies.html<\/a><\/p>\n<p>Te recomendamos revisar esta pol\u00edtica cada vez que accedas a nuestra Plataforma con el objetivo de estar adecuadamente informado sobre posibles cambios en la misma.<\/p>\n<\/div>\n<\/div>\n<\/div>\n<\/div>\n","protected":false},"excerpt":{"rendered":"<p>Pol\u00edtica de Cookies Una cookie es un fichero que se descarga en su dispositivo inform\u00e1tico al acceder a determinadas p\u00e1ginas [&hellip;]<\/p>\n","protected":false},"author":2,"featured_media":0,"parent":0,"menu_order":0,"comment_status":"closed","ping_status":"closed","template":"","meta":{"footnotes":""},"class_list":["post-1128","page","type-page","status-publish","hentry"],"aioseo_notices":[],"_links":{"self":[{"href":"https:\/\/la-ale.com\/revistalaleche\/wp-json\/wp\/v2\/pages\/1128","targetHints":{"allow":["GET"]}}],"collection":[{"href":"https:\/\/la-ale.com\/revistalaleche\/wp-json\/wp\/v2\/pages"}],"about":[{"href":"https:\/\/la-ale.com\/revistalaleche\/wp-json\/wp\/v2\/types\/page"}],"author":[{"embeddable":true,"href":"https:\/\/la-ale.com\/revistalaleche\/wp-json\/wp\/v2\/users\/2"}],"replies":[{"embeddable":true,"href":"https:\/\/la-ale.com\/revistalaleche\/wp-json\/wp\/v2\/comments?post=1128"}],"version-history":[{"count":4,"href":"https:\/\/la-ale.com\/revistalaleche\/wp-json\/wp\/v2\/pages\/1128\/revisions"}],"predecessor-version":[{"id":2859,"href":"https:\/\/la-ale.com\/revistalaleche\/wp-json\/wp\/v2\/pages\/1128\/revisions\/2859"}],"wp:attachment":[{"href":"https:\/\/la-ale.com\/revistalaleche\/wp-json\/wp\/v2\/media?parent=1128"}],"curies":[{"name":"wp","href":"https:\/\/api.w.org\/{rel}","templated":true}]}}